{"id":108,"date":"2016-08-14T21:18:59","date_gmt":"2016-08-14T19:18:59","guid":{"rendered":"http:\/\/localhost\/wordpress\/?page_id=108"},"modified":"2022-02-19T20:16:24","modified_gmt":"2022-02-19T18:16:24","slug":"mach-mit","status":"publish","type":"page","link":"https:\/\/gj-wiesbaden.de\/?page_id=108","title":{"rendered":"Mach mit!"},"content":{"rendered":"<p>Du wohnst in Wiesbaden, bist unter 30 Jahre alt und m\u00f6chtest Mitglied werden? Dann kannst du dich \u00fcber das <span style=\"color: #ff0000;\"><a style=\"color: #ff0000;\" href=\"http:\/\/www.gjh.de\/frog\/mitmachen\/mitglied-werden\/\">Online-Formular<\/a><\/span> der GJ Hessen anmelden. Als Mitglied kannst auf Versammlungen \u00fcber Antr\u00e4ge, Programme und Vorstandsposten mitbestimmen, aber auch selbst gew\u00e4hlt werden.<\/p>\n<p>Aber auch als Nicht-Mitglied bist du bei uns herzlich willkommen! Wir freuen uns immer \u00fcber Ideen und Anregungen. Wann genau die n\u00e4chste Sitzung stattfindet und wor\u00fcber wir sprechen wollen, kannst du entweder \u00fcber das <span style=\"color: #ff0000;\"><a style=\"color: #ff0000;\" href=\"https:\/\/gj-wiesbaden.de\/?page_id=105\">Kontaktformular<\/a> <span style=\"color: #000000;\">erfragen <\/span><\/span>oder du schreibst uns auf den GJ Wiesbaden Social Media Kan\u00e4len.<\/p>\n\n\n<figure class=\"wp-block-image size-full is-resized\"><a href=\"https:\/\/www.instagram.com\/gjwiesbaden\/\" target=\"_blank\" rel=\"noopener\"><img loading=\"lazy\" decoding=\"async\" src=\"https:\/\/gj-wiesbaden.de\/wp-content\/uploads\/2022\/02\/instagram.png\" alt=\"\" class=\"wp-image-723\" width=\"50\" height=\"50\"\/><\/a><\/figure>\n\n\n\n<figure class=\"wp-block-image size-full is-resized\"><a href=\"https:\/\/www.facebook.com\/Gruene.Jugend.Wiesbaden\/\" target=\"_blank\" rel=\"noopener\"><img loading=\"lazy\" decoding=\"async\" src=\"https:\/\/gj-wiesbaden.de\/wp-content\/uploads\/2022\/02\/facebook-1.png\" alt=\"\" class=\"wp-image-722\" width=\"50\" height=\"50\"\/><\/a><\/figure>\n\n\n\n<p>Wir freuen uns auf dich!<\/p>\n\n\n\n<p> <\/p>\n\n\n\n<p> <\/p>\n\n\n\n<p>  <\/p>\n\n\n\n<p><\/p>\n\n\n\n<p><strong>Du bist neu bei der GJ Wiesbaden? Dann komm in unsere Signal Gruppe<\/strong>:<\/p>\n\n\n\n<figure class=\"wp-block-image size-full is-resized\"><a href=\"https:\/\/signal.group\/#CjQKIIYt5gAg5oRruDR6CL6YhV4Tkwf7GW7IqBoXlZJK5Ax-EhACVmpzWkJHyLcOP0NxbRUH\" target=\"_blank\" rel=\"noopener\"><img loading=\"lazy\" decoding=\"async\" src=\"https:\/\/gj-wiesbaden.de\/wp-content\/uploads\/2022\/02\/signal-1.png\" alt=\"\" class=\"wp-image-725\" width=\"45\" height=\"45\"\/><\/a><\/figure>\n\n\n\n<p><\/p>\n\n\n\n<p><\/p>\n\n\n\n<p class=\"has-black-color has-text-color\"><\/p>\n","protected":false},"excerpt":{"rendered":"<p>Du wohnst in Wiesbaden, bist unter 30 Jahre alt und m\u00f6chtest Mitglied werden? Dann kannst du dich \u00fcber das Online-Formular der GJ Hessen anmelden. Als Mitglied kannst auf Versammlungen \u00fcber Antr\u00e4ge, Programme und Vorstandsposten mitbestimmen, aber auch selbst gew\u00e4hlt werden. Aber auch als Nicht-Mitglied bist du bei uns herzlich willkommen! Wir freuen uns immer \u00fcber [&hellip;]<\/p>\n","protected":false},"author":16,"featured_media":0,"parent":0,"menu_order":0,"comment_status":"closed","ping_status":"closed","template":"","meta":{"footnotes":""},"class_list":["post-108","page","type-page","status-publish","hentry"],"_links":{"self":[{"href":"https:\/\/gj-wiesbaden.de\/index.php?rest_route=\/wp\/v2\/pages\/108","targetHints":{"allow":["GET"]}}],"collection":[{"href":"https:\/\/gj-wiesbaden.de\/index.php?rest_route=\/wp\/v2\/pages"}],"about":[{"href":"https:\/\/gj-wiesbaden.de\/index.php?rest_route=\/wp\/v2\/types\/page"}],"author":[{"embeddable":true,"href":"https:\/\/gj-wiesbaden.de\/index.php?rest_route=\/wp\/v2\/users\/16"}],"replies":[{"embeddable":true,"href":"https:\/\/gj-wiesbaden.de\/index.php?rest_route=%2Fwp%2Fv2%2Fcomments&post=108"}],"version-history":[{"count":13,"href":"https:\/\/gj-wiesbaden.de\/index.php?rest_route=\/wp\/v2\/pages\/108\/revisions"}],"predecessor-version":[{"id":721,"href":"https:\/\/gj-wiesbaden.de\/index.php?rest_route=\/wp\/v2\/pages\/108\/revisions\/721"}],"wp:attachment":[{"href":"https:\/\/gj-wiesbaden.de\/index.php?rest_route=%2Fwp%2Fv2%2Fmedia&parent=108"}],"curies":[{"name":"wp","href":"https:\/\/api.w.org\/{rel}","templated":true}]}}