{"id":48,"date":"2016-08-14T15:16:29","date_gmt":"2016-08-14T13:16:29","guid":{"rendered":"http:\/\/localhost\/wordpress\/?page_id=48"},"modified":"2026-02-02T20:53:40","modified_gmt":"2026-02-02T19:53:40","slug":"impressum","status":"publish","type":"page","link":"https:\/\/gj-wiesbaden.de\/?page_id=48","title":{"rendered":"Impressum"},"content":{"rendered":"\n<p>Gr\u00fcne Jugend Wiesbaden<br>Mainzer Stra\u00dfe 75<br>65189 Wiesbaden<\/p>\n\n\n\n<p><strong>Vertreten durch die Sprecherinnen:<\/strong><br>Olivia Mohr<br>Jacqueline Schmiedeke<\/p>\n\n\n\n<p><h2>Kontakt<\/h2><br>wiesbaden@gjh.de<\/p>\n\n\n\n<p><h2>Haftung f\u00fcr Links<\/h2>\nUnser Angebot enth\u00e4lt Links zu externen Webseiten Dritter, auf deren Inhalte wir keinen Einfluss haben. Deshalb k\u00f6nnen wir f\u00fcr diese fremden Inhalte auch keine Gew\u00e4hr \u00fcbernehmen. F\u00fcr die Inhalte der verlinkten Seiten ist stets der jeweilige Anbieter oder Betreiber der Seiten verantwortlich. Die verlinkten Seiten wurden zum Zeitpunkt der Verlinkung auf m\u00f6gliche Rechtsverst\u00f6\u00dfe \u00fcberpr\u00fcft. Rechtswidrige Inhalte waren zum Zeitpunkt der Verlinkung nicht erkennbar. Eine permanente inhaltliche Kontrolle der verlinkten Seiten ist jedoch ohne konkrete Anhaltspunkte einer Rechtsverletzung nicht zumutbar. Bei bekannt werden von Rechtsverletzungen werden wir derartige Links umgehend entfernen.<\/p>\n","protected":false},"excerpt":{"rendered":"<p>Gr\u00fcne Jugend WiesbadenMainzer Stra\u00dfe 7565189 Wiesbaden Vertreten durch die Sprecherinnen:Olivia MohrJacqueline Schmiedeke Kontakt wiesbaden@gjh.de Haftung f\u00fcr Links Unser Angebot enth\u00e4lt Links zu externen Webseiten Dritter, auf deren Inhalte wir keinen Einfluss haben. Deshalb k\u00f6nnen wir f\u00fcr diese fremden Inhalte auch keine Gew\u00e4hr \u00fcbernehmen. F\u00fcr die Inhalte der verlinkten Seiten ist stets der jeweilige Anbieter oder [&hellip;]<\/p>\n","protected":false},"author":16,"featured_media":0,"parent":0,"menu_order":0,"comment_status":"closed","ping_status":"closed","template":"","meta":{"footnotes":""},"class_list":["post-48","page","type-page","status-publish","hentry"],"_links":{"self":[{"href":"https:\/\/gj-wiesbaden.de\/index.php?rest_route=\/wp\/v2\/pages\/48","targetHints":{"allow":["GET"]}}],"collection":[{"href":"https:\/\/gj-wiesbaden.de\/index.php?rest_route=\/wp\/v2\/pages"}],"about":[{"href":"https:\/\/gj-wiesbaden.de\/index.php?rest_route=\/wp\/v2\/types\/page"}],"author":[{"embeddable":true,"href":"https:\/\/gj-wiesbaden.de\/index.php?rest_route=\/wp\/v2\/users\/16"}],"replies":[{"embeddable":true,"href":"https:\/\/gj-wiesbaden.de\/index.php?rest_route=%2Fwp%2Fv2%2Fcomments&post=48"}],"version-history":[{"count":18,"href":"https:\/\/gj-wiesbaden.de\/index.php?rest_route=\/wp\/v2\/pages\/48\/revisions"}],"predecessor-version":[{"id":895,"href":"https:\/\/gj-wiesbaden.de\/index.php?rest_route=\/wp\/v2\/pages\/48\/revisions\/895"}],"wp:attachment":[{"href":"https:\/\/gj-wiesbaden.de\/index.php?rest_route=%2Fwp%2Fv2%2Fmedia&parent=48"}],"curies":[{"name":"wp","href":"https:\/\/api.w.org\/{rel}","templated":true}]}}