{"id":95,"date":"2016-08-14T20:55:41","date_gmt":"2016-08-14T18:55:41","guid":{"rendered":"http:\/\/localhost\/wordpress\/?page_id=95"},"modified":"2016-09-28T16:42:42","modified_gmt":"2016-09-28T14:42:42","slug":"fahrradwege","status":"publish","type":"page","link":"https:\/\/gj-wiesbaden.de\/?page_id=95","title":{"rendered":"Fahrradwege"},"content":{"rendered":"<p>Viele von uns kennen das: ewige Parkplatzsuche, Staus und Luftverschmutzung sind nur ein paar Folgen des zunehmenden Pkw- und Lkw-Verkehrs in den St\u00e4dten. Doch anstatt den umweltfreundlichen und gesundheitsf\u00f6rdernden Fahrradverkehr zu unterst\u00fctzen, vernachl\u00e4ssigt das Wiesbadener Verkehrsdezernat diese Form der Mobilit\u00e4t. Konsequenterweise beschneinigte der ADFC, dass Wiesbaden die fahrradfeindlichste Gro\u00dfstadt Deutschlands ist. Darum fordern wir die F\u00f6rderung des Radverkehrs an Schulen und der Hochschule RheinMain, mehr Abstellm\u00f6glichkeiten f\u00fcr Fahrr\u00e4der und Radstreifen an den Hauptverkehrsstra\u00dfen.<\/p>\n","protected":false},"excerpt":{"rendered":"<p>Viele von uns kennen das: ewige Parkplatzsuche, Staus und Luftverschmutzung sind nur ein paar Folgen des zunehmenden Pkw- und Lkw-Verkehrs in den St\u00e4dten. Doch anstatt den umweltfreundlichen und gesundheitsf\u00f6rdernden Fahrradverkehr zu unterst\u00fctzen, vernachl\u00e4ssigt das Wiesbadener Verkehrsdezernat diese Form der Mobilit\u00e4t. Konsequenterweise beschneinigte der ADFC, dass Wiesbaden die fahrradfeindlichste Gro\u00dfstadt Deutschlands ist. Darum fordern wir die [&hellip;]<\/p>\n","protected":false},"author":16,"featured_media":0,"parent":0,"menu_order":0,"comment_status":"closed","ping_status":"closed","template":"","meta":{"footnotes":""},"class_list":["post-95","page","type-page","status-publish","hentry"],"_links":{"self":[{"href":"https:\/\/gj-wiesbaden.de\/index.php?rest_route=\/wp\/v2\/pages\/95","targetHints":{"allow":["GET"]}}],"collection":[{"href":"https:\/\/gj-wiesbaden.de\/index.php?rest_route=\/wp\/v2\/pages"}],"about":[{"href":"https:\/\/gj-wiesbaden.de\/index.php?rest_route=\/wp\/v2\/types\/page"}],"author":[{"embeddable":true,"href":"https:\/\/gj-wiesbaden.de\/index.php?rest_route=\/wp\/v2\/users\/16"}],"replies":[{"embeddable":true,"href":"https:\/\/gj-wiesbaden.de\/index.php?rest_route=%2Fwp%2Fv2%2Fcomments&post=95"}],"version-history":[{"count":2,"href":"https:\/\/gj-wiesbaden.de\/index.php?rest_route=\/wp\/v2\/pages\/95\/revisions"}],"predecessor-version":[{"id":873,"href":"https:\/\/gj-wiesbaden.de\/index.php?rest_route=\/wp\/v2\/pages\/95\/revisions\/873"}],"wp:attachment":[{"href":"https:\/\/gj-wiesbaden.de\/index.php?rest_route=%2Fwp%2Fv2%2Fmedia&parent=95"}],"curies":[{"name":"wp","href":"https:\/\/api.w.org\/{rel}","templated":true}]}}